{"id":1258,"date":"2015-10-29T19:21:50","date_gmt":"2015-10-29T19:21:50","guid":{"rendered":"http:\/\/192.168.1.120\/polar\/creative\/?page_id=4"},"modified":"2026-04-09T08:18:12","modified_gmt":"2026-04-09T12:18:12","slug":"accueil","status":"publish","type":"page","link":"https:\/\/imprimeriegermain.com\/","title":{"rendered":"Accueil"},"content":{"rendered":"<p>[vc_row full_width=\u00a0\u00bbstretch_row_content\u00a0\u00bb css=\u00a0\u00bb.vc_custom_1518115181789{background-color: rgba(221,28,28,0.8) !important;background-position: center !important;background-repeat: no-repeat !important;background-size: cover !important;*background-color: rgb(221,28,28) !important;}\u00a0\u00bb][vc_column]<div class=\"polar_empty_space\" style=\"height:100px\"><span class=\"polar_empty_space_inner\"><\/span><\/div>[vc_row_inner][vc_column_inner width=\u00a0\u00bb1\/12&Prime;][\/vc_column_inner][vc_column_inner width=\u00a0\u00bb6\/12&Prime;]<div class=\"polar_section_header alignleft polar-content-element wow fadeInUp polar_section_header_17777020102\"><style scoped>.polar_section_header.polar_section_header_17777020102 .title{color:#ffffff;font-size:48px;line-height:1;}.polar_section_header.polar_section_header_17777020102 .subtitle{}<\/style><h2 class=\"title uppercase\">Commander <\/h2><\/div><div class=\"polar_section_header alignleft polar-content-element wow fadeIn polar_section_header_17777020103\"><style scoped>.polar_section_header.polar_section_header_17777020103 .title{color:#ffffff;font-size:30px;line-height:1;}.polar_section_header.polar_section_header_17777020103 .subtitle{}<\/style><h2 class=\"title\">vos cartes d'affaires<\/h2><\/div>[\/vc_column_inner][vc_column_inner width=\u00a0\u00bb2\/12&Prime;]<div class=\"polar_button_container polar-align-left polar-content-element wow bounceInUp polar_button_container_17777020104\"><style scoped>.polar_button_container.polar_button_container_17777020104 .polar_button{color:#ffffff;border-color:#ffffff;}.polar_button_container.polar_button_container_17777020104 .polar_button:hover,.polar_button_container.polar_button_container_17777020104 .polar_button:focus{color:rgba(221,51,51,0.8) !important;background-color:#ffffff;}.polar_button_container.polar_button_container_17777020104 .polar_button:active:focus{color:rgba(221,51,51,0.8) !important;background-color:#f2f2f2;}<\/style><a class=\"polar_button polar-shape-square polar-size-md polar-style-outline polar-icon-left polar-custom-color polar-border-thin polar-border-solid\" title=\"Obtenir une soumission\" href=\"http:\/\/www.imprimeriegermain.com\/?page_id=633\">Obtenir une soumission<\/a><\/div>[\/vc_column_inner][vc_column_inner width=\u00a0\u00bb1\/12&Prime;][\/vc_column_inner][\/vc_row_inner]<div class=\"polar_empty_space\" style=\"height:50px\"><span class=\"polar_empty_space_inner\"><\/span><\/div>[\/vc_column][\/vc_row][vc_row full_width=\u00a0\u00bbstretch_row\u00a0\u00bb parallax=\u00a0\u00bbcontent-moving\u00a0\u00bb parallax_image=\u00a0\u00bb1426&Prime; equal_col_height=\u00a0\u00bbyes\u00a0\u00bb css=\u00a0\u00bb.vc_custom_1518114802222{margin-top: -35px !important;background-color: #37b9c2 !important;background-position: center;background-repeat: no-repeat !important;background-size: cover !important;}\u00a0\u00bb][vc_column width=\u00a0\u00bb4\/12&Prime; css=\u00a0\u00bb.vc_custom_1493653762871{background-position: center !important;background-repeat: no-repeat !important;background-size: cover !important;}\u00a0\u00bb]<div class=\"polar_empty_space\" style=\"height:100px\"><span class=\"polar_empty_space_inner\"><\/span><\/div><div class=\"polar_section_header alignleft polar-content-element wow fadeInUp polar_section_header_17777020107\"><style scoped>.polar_section_header.polar_section_header_17777020107 .title{color:#ffffff;font-size:48px;line-height:1;}.polar_section_header.polar_section_header_17777020107 .subtitle{}<\/style><h2 class=\"title uppercase\">Une entreprise<br \/>\nfamilliale<br \/>\ndepuis<br \/>\n1979<\/h2><\/div><div class=\"polar_column_text polar-content-element wow fadeInDown\"><p style=\"text-align: justify;\"><span style=\"color: #ffffff;\">Imprimerie Germain ouvre ses portes en 1979. Depuis plus de 34 ans, nous demeurons \u00e0 l\u2019\u00e9coute de nos clients pour leur offrir des services d\u2019impression de tous genres. Notre objectif est de r\u00e9pondre \u00e0 votre demande dans les plus brefs d\u00e9lais en s\u2019assurant de donner un service de qualit\u00e9. Il suffit de naviguer sur notre site pour d\u00e9couvrir nos produits.<\/span><\/p>\n<\/div><div class=\"polar_empty_space\" style=\"height:100px\"><span class=\"polar_empty_space_inner\"><\/span><\/div>[\/vc_column][vc_column width=\u00a0\u00bb1\/12&Prime; stretch=\u00a0\u00bbright\u00a0\u00bb css=\u00a0\u00bb.vc_custom_1493653931106{background-position: center !important;background-repeat: no-repeat !important;background-size: cover !important;}\u00a0\u00bb][\/vc_column][vc_column width=\u00a0\u00bb7\/12&Prime; stretch=\u00a0\u00bbbg-right\u00a0\u00bb css=\u00a0\u00bb.vc_custom_1493653949420{background-image: url(http:\/\/www.imprimeriegermain.com\/wp-content\/uploads\/2015\/10\/imprimerie_germain_porte.jpg?id=1481) !important;background-position: center !important;background-repeat: no-repeat !important;background-size: cover !important;}\u00a0\u00bb]<div class=\"polar_empty_space\" style=\"height:300px\"><span class=\"polar_empty_space_inner\"><\/span><\/div>[\/vc_column][\/vc_row][vc_row full_width=\u00a0\u00bbstretch_row\u00a0\u00bb parallax=\u00a0\u00bbcontent-moving\u00a0\u00bb parallax_image=\u00a0\u00bb1482&Prime; equal_col_height=\u00a0\u00bbyes\u00a0\u00bb css=\u00a0\u00bb.vc_custom_1493666110069{margin-top: -35px !important;background-position: center;background-repeat: no-repeat !important;background-size: cover !important;}\u00a0\u00bb][vc_column width=\u00a0\u00bb4\/12&Prime; css=\u00a0\u00bb.vc_custom_1493653762871{background-position: center !important;background-repeat: no-repeat !important;background-size: cover !important;}\u00a0\u00bb]<div class=\"polar_empty_space\" style=\"height:100px\"><span class=\"polar_empty_space_inner\"><\/span><\/div><div class=\"polar_section_header alignleft polar-content-element wow fadeInUp polar_section_header_177770201012\"><style scoped>.polar_section_header.polar_section_header_177770201012 .title{color:#000000;font-size:48px;line-height:1;}.polar_section_header.polar_section_header_177770201012 .subtitle{color:#4c4c4c;}<\/style><h2 class=\"title uppercase\">Besoin<br \/>\nd'un service<br \/>\nd'impression?<\/h2><\/div><div class=\"polar_column_text polar-content-element wow fadeInDown\"><p style=\"text-align: justify;\"><span style=\"color: #000000;\">Imprimerie Germain offre un vaste \u00e9ventail de service d&rsquo;impression pour tous vos documents.<\/span><\/p>\n<\/div><div class=\"polar_empty_space\" style=\"height:25px\"><span class=\"polar_empty_space_inner\"><\/span><\/div><div class=\"polar_button_container polar-align-inline polar-content-element wow bounceInUp\"><a class=\"polar_button polar-shape-square polar-size-md polar-style-flat polar-icon-left\" title=\"En savoir plus\" href=\"http:\/\/www.imprimeriegermain.com\/?page_id=585\">En savoir plus<\/a><\/div><div class=\"polar_empty_space\" style=\"height:100px\"><span class=\"polar_empty_space_inner\"><\/span><\/div>[\/vc_column][vc_column width=\u00a0\u00bb1\/12&Prime; stretch=\u00a0\u00bbright\u00a0\u00bb css=\u00a0\u00bb.vc_custom_1493653931106{background-position: center !important;background-repeat: no-repeat !important;background-size: cover !important;}\u00a0\u00bb][\/vc_column][vc_column width=\u00a0\u00bb7\/12&Prime; stretch=\u00a0\u00bbbg-right\u00a0\u00bb css=\u00a0\u00bb.vc_custom_1493667257352{background-image: url(http:\/\/www.imprimeriegermain.com\/wp-content\/uploads\/2015\/10\/press_gris.jpg?id=1540) !important;background-position: center !important;background-repeat: no-repeat !important;background-size: cover !important;}\u00a0\u00bb][vc_row_inner][vc_column_inner width=\u00a0\u00bb1\/6&Prime;][\/vc_column_inner][vc_column_inner width=\u00a0\u00bb2\/3&Prime;]<div class=\"polar_empty_space\" style=\"height:100px\"><span class=\"polar_empty_space_inner\"><\/span><\/div><div class=\"polar_section_header alignleft polar-content-element wow fadeInUp polar_section_header_177770201018\"><style scoped>.polar_section_header.polar_section_header_177770201018 .title{color:#ffffff;font-size:48px;line-height:1;}.polar_section_header.polar_section_header_177770201018 .subtitle{color:#000000;}<\/style><h2 class=\"title uppercase\">Besoin<br \/>\nd'un service<br \/>\nde conception<br \/>\ngraphique?<\/h2><\/div><div class=\"polar_column_text polar-content-element wow fadeInDown\"><p style=\"text-align: justify;\"><span style=\"color: #ffffff;\">Il nous fera plaisir de vous accompagner dans la r\u00e9alisation de vos projets. Nous offrons un service personnalis\u00e9 et cr\u00e9atif qui saura r\u00e9pondre \u00e0 vos besoins.<\/span><\/p>\n<\/div><div class=\"polar_empty_space\" style=\"height:25px\"><span class=\"polar_empty_space_inner\"><\/span><\/div><div class=\"polar_button_container polar-align-inline polar-content-element wow bounceInUp\"><a class=\"polar_button polar-shape-square polar-size-md polar-style-flat polar-icon-left\" title=\"En savoir plus\" href=\"http:\/\/www.imprimeriegermain.com\/?page_id=585\">En savoir plus<\/a><\/div><div class=\"polar_empty_space\" style=\"height:100px\"><span class=\"polar_empty_space_inner\"><\/span><\/div>[\/vc_column_inner][vc_column_inner width=\u00a0\u00bb1\/6&Prime;][\/vc_column_inner][\/vc_row_inner][\/vc_column][\/vc_row]<\/p>\n","protected":false},"excerpt":{"rendered":"<p>[vc_row full_width=\u00a0\u00bbstretch_row_content\u00a0\u00bb css=\u00a0\u00bb.vc_custom_1518115181789{background-color: rgba(221,28,28,0.8) !important;background-position: center !important;background-repeat: no-repeat !important;background-size: cover !important;*background-color: rgb(221,28,28) !important;}\u00a0\u00bb][vc_column][vc_row_inner][vc_column_inner width=\u00a0\u00bb1\/12&Prime;][\/vc_column_inner][vc_column_inner width=\u00a0\u00bb6\/12&Prime;][\/vc_column_inner][vc_column_inner width=\u00a0\u00bb2\/12&Prime;][\/vc_column_inner][vc_column_inner width=\u00a0\u00bb1\/12&Prime;][\/vc_column_inner][\/vc_row_inner][\/vc_column][\/vc_row][vc_row full_width=\u00a0\u00bbstretch_row\u00a0\u00bb parallax=\u00a0\u00bbcontent-moving\u00a0\u00bb parallax_image=\u00a0\u00bb1426&Prime; equal_col_height=\u00a0\u00bbyes\u00a0\u00bb css=\u00a0\u00bb.vc_custom_1518114802222{margin-top: -35px !important;background-color: #37b9c2 !important;background-position: center;background-repeat: no-repeat !important;background-size: cover !important;}\u00a0\u00bb][vc_column width=\u00a0\u00bb4\/12&Prime; css=\u00a0\u00bb.vc_custom_1493653762871{background-position: center !important;background-repeat: no-repeat !important;background-size: cover !important;}\u00a0\u00bb][\/vc_column][vc_column width=\u00a0\u00bb1\/12&Prime; stretch=\u00a0\u00bbright\u00a0\u00bb css=\u00a0\u00bb.vc_custom_1493653931106{background-position: center !important;background-repeat: no-repeat !important;background-size: cover !important;}\u00a0\u00bb][\/vc_column][vc_column width=\u00a0\u00bb7\/12&Prime; stretch=\u00a0\u00bbbg-right\u00a0\u00bb css=\u00a0\u00bb.vc_custom_1493653949420{background-image: url(http:\/\/www.imprimeriegermain.com\/wp-content\/uploads\/2015\/10\/imprimerie_germain_porte.jpg?id=1481) !important;background-position: center !important;background-repeat:&#8230;<\/p>\n","protected":false},"author":1,"featured_media":0,"parent":0,"menu_order":0,"comment_status":"closed","ping_status":"closed","template":"tmpl-page-builder.php","meta":{"footnotes":""},"class_list":["post-1258","page","type-page","status-publish","hentry"],"yoast_head":"<!-- This site is optimized with the Yoast SEO plugin v27.2 - https:\/\/yoast.com\/product\/yoast-seo-wordpress\/ -->\n<title>Imprimerie Germain \u2013 service d&#039;impression de tout genres couleurs<\/title>\n<meta name=\"description\" content=\"Depuis plus de 34 ans, Imprimerie Germain demeure \u00e0 l\u2019\u00e9coute des clients pour leurs offrir des services d\u2019impression de tout genres.\" \/>\n<meta name=\"robots\" content=\"index, follow, max-snippet:-1, max-image-preview:large, max-video-preview:-1\" \/>\n<link rel=\"canonical\" href=\"https:\/\/imprimeriegermain.com\/\" \/>\n<meta property=\"og:locale\" content=\"fr_FR\" \/>\n<meta property=\"og:type\" content=\"article\" \/>\n<meta property=\"og:title\" content=\"Imprimerie Germain \u2013 service d&#039;impression de tout genres couleurs\" \/>\n<meta property=\"og:description\" content=\"Depuis plus de 34 ans, Imprimerie Germain demeure \u00e0 l\u2019\u00e9coute des clients pour leurs offrir des services d\u2019impression de tout genres.\" \/>\n<meta property=\"og:url\" content=\"https:\/\/imprimeriegermain.com\/\" \/>\n<meta property=\"og:site_name\" content=\"Imprimerie Germain\" \/>\n<meta property=\"article:modified_time\" content=\"2026-04-09T12:18:12+00:00\" \/>\n<meta name=\"twitter:card\" content=\"summary_large_image\" \/>\n<meta name=\"twitter:label1\" content=\"Dur\u00e9e de lecture estim\u00e9e\" \/>\n\t<meta name=\"twitter:data1\" content=\"2 minutes\" \/>\n<script type=\"application\/ld+json\" class=\"yoast-schema-graph\">{\"@context\":\"https:\/\/schema.org\",\"@graph\":[{\"@type\":\"WebPage\",\"@id\":\"https:\/\/imprimeriegermain.com\/\",\"url\":\"https:\/\/imprimeriegermain.com\/\",\"name\":\"Imprimerie Germain \u2013 service d'impression de tout genres couleurs\",\"isPartOf\":{\"@id\":\"https:\/\/imprimeriegermain.com\/#website\"},\"datePublished\":\"2015-10-29T19:21:50+00:00\",\"dateModified\":\"2026-04-09T12:18:12+00:00\",\"description\":\"Depuis plus de 34 ans, Imprimerie Germain demeure \u00e0 l\u2019\u00e9coute des clients pour leurs offrir des services d\u2019impression de tout genres.\",\"breadcrumb\":{\"@id\":\"https:\/\/imprimeriegermain.com\/#breadcrumb\"},\"inLanguage\":\"fr-FR\",\"potentialAction\":[{\"@type\":\"ReadAction\",\"target\":[\"https:\/\/imprimeriegermain.com\/\"]}]},{\"@type\":\"BreadcrumbList\",\"@id\":\"https:\/\/imprimeriegermain.com\/#breadcrumb\",\"itemListElement\":[{\"@type\":\"ListItem\",\"position\":1,\"name\":\"Accueil\",\"item\":\"https:\/\/imprimeriegermain.com\/\"},{\"@type\":\"ListItem\",\"position\":2,\"name\":\"Accueil\"}]},{\"@type\":\"WebSite\",\"@id\":\"https:\/\/imprimeriegermain.com\/#website\",\"url\":\"https:\/\/imprimeriegermain.com\/\",\"name\":\"Imprimerie Germain\",\"description\":\"service d&#039;impression de tout genres couleurs\",\"potentialAction\":[{\"@type\":\"SearchAction\",\"target\":{\"@type\":\"EntryPoint\",\"urlTemplate\":\"https:\/\/imprimeriegermain.com\/?s={search_term_string}\"},\"query-input\":{\"@type\":\"PropertyValueSpecification\",\"valueRequired\":true,\"valueName\":\"search_term_string\"}}],\"inLanguage\":\"fr-FR\"}]}<\/script>\n<!-- \/ Yoast SEO plugin. -->","yoast_head_json":{"title":"Imprimerie Germain \u2013 service d'impression de tout genres couleurs","description":"Depuis plus de 34 ans, Imprimerie Germain demeure \u00e0 l\u2019\u00e9coute des clients pour leurs offrir des services d\u2019impression de tout genres.","robots":{"index":"index","follow":"follow","max-snippet":"max-snippet:-1","max-image-preview":"max-image-preview:large","max-video-preview":"max-video-preview:-1"},"canonical":"https:\/\/imprimeriegermain.com\/","og_locale":"fr_FR","og_type":"article","og_title":"Imprimerie Germain \u2013 service d'impression de tout genres couleurs","og_description":"Depuis plus de 34 ans, Imprimerie Germain demeure \u00e0 l\u2019\u00e9coute des clients pour leurs offrir des services d\u2019impression de tout genres.","og_url":"https:\/\/imprimeriegermain.com\/","og_site_name":"Imprimerie Germain","article_modified_time":"2026-04-09T12:18:12+00:00","twitter_card":"summary_large_image","twitter_misc":{"Dur\u00e9e de lecture estim\u00e9e":"2 minutes"},"schema":{"@context":"https:\/\/schema.org","@graph":[{"@type":"WebPage","@id":"https:\/\/imprimeriegermain.com\/","url":"https:\/\/imprimeriegermain.com\/","name":"Imprimerie Germain \u2013 service d'impression de tout genres couleurs","isPartOf":{"@id":"https:\/\/imprimeriegermain.com\/#website"},"datePublished":"2015-10-29T19:21:50+00:00","dateModified":"2026-04-09T12:18:12+00:00","description":"Depuis plus de 34 ans, Imprimerie Germain demeure \u00e0 l\u2019\u00e9coute des clients pour leurs offrir des services d\u2019impression de tout genres.","breadcrumb":{"@id":"https:\/\/imprimeriegermain.com\/#breadcrumb"},"inLanguage":"fr-FR","potentialAction":[{"@type":"ReadAction","target":["https:\/\/imprimeriegermain.com\/"]}]},{"@type":"BreadcrumbList","@id":"https:\/\/imprimeriegermain.com\/#breadcrumb","itemListElement":[{"@type":"ListItem","position":1,"name":"Accueil","item":"https:\/\/imprimeriegermain.com\/"},{"@type":"ListItem","position":2,"name":"Accueil"}]},{"@type":"WebSite","@id":"https:\/\/imprimeriegermain.com\/#website","url":"https:\/\/imprimeriegermain.com\/","name":"Imprimerie Germain","description":"service d&#039;impression de tout genres couleurs","potentialAction":[{"@type":"SearchAction","target":{"@type":"EntryPoint","urlTemplate":"https:\/\/imprimeriegermain.com\/?s={search_term_string}"},"query-input":{"@type":"PropertyValueSpecification","valueRequired":true,"valueName":"search_term_string"}}],"inLanguage":"fr-FR"}]}},"_links":{"self":[{"href":"https:\/\/imprimeriegermain.com\/index.php?rest_route=\/wp\/v2\/pages\/1258","targetHints":{"allow":["GET"]}}],"collection":[{"href":"https:\/\/imprimeriegermain.com\/index.php?rest_route=\/wp\/v2\/pages"}],"about":[{"href":"https:\/\/imprimeriegermain.com\/index.php?rest_route=\/wp\/v2\/types\/page"}],"author":[{"embeddable":true,"href":"https:\/\/imprimeriegermain.com\/index.php?rest_route=\/wp\/v2\/users\/1"}],"replies":[{"embeddable":true,"href":"https:\/\/imprimeriegermain.com\/index.php?rest_route=%2Fwp%2Fv2%2Fcomments&post=1258"}],"version-history":[{"count":55,"href":"https:\/\/imprimeriegermain.com\/index.php?rest_route=\/wp\/v2\/pages\/1258\/revisions"}],"predecessor-version":[{"id":1891,"href":"https:\/\/imprimeriegermain.com\/index.php?rest_route=\/wp\/v2\/pages\/1258\/revisions\/1891"}],"wp:attachment":[{"href":"https:\/\/imprimeriegermain.com\/index.php?rest_route=%2Fwp%2Fv2%2Fmedia&parent=1258"}],"curies":[{"name":"wp","href":"https:\/\/api.w.org\/{rel}","templated":true}]}}